{"id":2239,"date":"2018-05-02T10:05:40","date_gmt":"2018-05-02T10:05:40","guid":{"rendered":"http:\/\/visitkomarno.eu\/cookie-info\/"},"modified":"2018-05-02T10:06:41","modified_gmt":"2018-05-02T10:06:41","slug":"cookie-info","status":"publish","type":"page","link":"https:\/\/visitkomarno.eu\/en\/cookie-info\/","title":{"rendered":"Cookie info"},"content":{"rendered":"<p>VISITKOMARNO pou\u017e\u00edva cookies a podobn\u00e9 technol\u00f3gie na zlep\u0161ovanie svojich online slu\u017eieb. Pou\u017e\u00edvan\u00edm str\u00e1nok prev\u00e1dzkovan\u00fdch VISITKOMARNO vyjadrujete VISITKOMARNO s\u00fahlas s pou\u017e\u00edvan\u00edm cookies v s\u00falade s nastaven\u00edm prehliada\u010da.<\/p>\n<p>S\u00fabory cookies<br \/>\nS cie\u013eom zabezpe\u010di\u0165 riadne fungovanie tohto webov\u00e9ho s\u00eddla VISITKOMARNO uklad\u00e1 niekedy na va\u0161om zariaden\u00ed mal\u00e9 d\u00e1tov\u00e9 s\u00fabory, tzv. cookies. Je to be\u017en\u00e1 prax v\u00e4\u010d\u0161iny ve\u013ek\u00fdch webov\u00fdch s\u00eddel.<\/p>\n<p>\u010co s\u00fa s\u00fabory cookies?<br \/>\nS\u00fabor cookies je mal\u00fd textov\u00fd s\u00fabor, ktor\u00fd webov\u00e1 lokalita uklad\u00e1 vo va\u0161om po\u010d\u00edta\u010di alebo mobilnom zariaden\u00ed pri jej prehliadan\u00ed. V\u010faka tomuto s\u00faboru si webov\u00e1 lokalita na ur\u010dit\u00fd \u010das uchov\u00e1va inform\u00e1cie o va\u0161ich krokoch a preferenci\u00e1ch (ako s\u00fa prihlasovacie meno, jazyk, ve\u013ekos\u0165 p\u00edsma a in\u00e9 nastavenia zobrazovania), tak\u017ee ich pri \u010fal\u0161ej n\u00e1v\u0161teve lokality alebo prehliadan\u00ed jej jednotliv\u00fdch str\u00e1nok nemus\u00edte op\u00e4tovne uv\u00e1dza\u0165.<\/p>\n<p>Ak\u00e9 cookies a za ak\u00fdm \u00fa\u010delom pou\u017e\u00edva VISITKOMARNO?<br \/>\nVISITKOMARNO pou\u017e\u00edva cookies tret\u00edch str\u00e1n, a to:<\/p>\n<p>Google analytics \u2013 za \u00fa\u010delom z\u00edskavania \u0161tatist\u00edk o webovom s\u00eddle VISITKOMARNO,<br \/>\nCookie pre identifik\u00e1ciu rel\u00e1cie prihl\u00e1senia = session \u2013 za \u00fa\u010delom identifik\u00e1cie prihl\u00e1sen\u00e9ho pou\u017e\u00edvate\u013ea, alebo anonymn\u00e9ho pou\u017e\u00edvate\u013ea, ktor\u00fd m\u00f4\u017ee ma\u0165 rozpracovan\u00e9 d\u00e1ta (napr. zmluvu, formul\u00e1r a pod.),<br \/>\nCookie pre overenie p\u00f4vodu po\u017eiadavky = request verification token \u2013 sl\u00fa\u017ei na \u00fa\u010dely bezpe\u010dnosti \u2013 proti \u00fatokom. Viac inform\u00e1ci\u00ed na: https:\/\/www.owasp.org\/index.php\/Cross-Site_Request_Forgery_(CSRF)_Prevention_Cheat_Sheet<br \/>\nCookies, ktor\u00e9 pou\u017e\u00edva google. Pre viac inform\u00e1ci\u00ed: https:\/\/developers.google.com\/analytics\/devguides\/collection\/analyticsjs\/cookie-usage<br \/>\nDoba sprac\u00favania \u00fadajov<br \/>\nWebov\u00e9 s\u00eddlo VISITKOMARNO pou\u017e\u00edva s\u00fabory cookies, ktor\u00e9 si pam\u00e4taj\u00fa inform\u00e1cie pou\u017e\u00edvate\u013ea po dobu platnosti rel\u00e1cie, pri\u010dom t\u00e1to doba trv\u00e1 cca. do 1 hodiny. V\u00fdnimkou s\u00fa cookies Google analytics, ktor\u00e9 si pam\u00e4taj\u00fa inform\u00e1cie po dobu, ktor\u00e1 je uveden\u00e1 v dokument\u00e1cii ku Google analytics: https:\/\/support.google.com\/analytics\/answer\/2700409?hl=sk<\/p>\n<p>Pren\u00e1\u0161anie d\u00e1t tretej strane<br \/>\nVISITKOMARNO neposkytuje d\u00e1ta tret\u00edm stran\u00e1m.<\/p>\n<p>Ako kontrolova\u0165 s\u00fabory cookies<br \/>\nS\u00fabory cookies m\u00f4\u017eete zmaza\u0165 pod\u013ea uv\u00e1\u017eenia. M\u00f4\u017eete vymaza\u0165 v\u0161etky s\u00fabory cookies ulo\u017een\u00e9 vo svojom po\u010d\u00edta\u010di a v\u00e4\u010d\u0161inu prehliada\u010dov m\u00f4\u017eete nastavi\u0165 tak, aby ste im znemo\u017enili ich ukladanie. V takomto pr\u00edpade v\u0161ak pravdepodobne budete musie\u0165 pri ka\u017edej n\u00e1v\u0161teve webovej lokality manu\u00e1lne upravova\u0165 niektor\u00e9 nastavenia a niektor\u00e9 slu\u017eby a funkcie nebud\u00fa fungova\u0165.<\/p>\n<p>Ako odmietnu\u0165 pou\u017e\u00edvanie s\u00faborov cookies<br \/>\nPou\u017e\u00edvanie s\u00faborov cookies je mo\u017en\u00e9 nastavi\u0165 pomocou V\u00e1\u0161ho internetov\u00e9ho prehliada\u010da. V\u00e4\u010d\u0161ina prehliada\u010dov s\u00fabory cookies automaticky prij\u00edma u\u017e vo \u00favodnom nastaven\u00ed. Ak d\u00f4jde k odmietnutiu pou\u017e\u00edvania cookies, webov\u00e9 s\u00eddlo VISITKOMARNO budete m\u00f4c\u0165 na\u010falej nav\u0161t\u00edvi\u0165, av\u0161ak niektor\u00e9 funkcie nemusia fungova\u0165 spr\u00e1vne.<\/p>\n","protected":false},"excerpt":{"rendered":"<p>VISITKOMARNO pou\u017e\u00edva cookies a podobn\u00e9 technol\u00f3gie na zlep\u0161ovanie svojich online slu\u017eieb. Pou\u017e\u00edvan\u00edm str\u00e1nok prev\u00e1dzkovan\u00fdch VISITKOMARNO vyjadrujete VISITKOMARNO s\u00fahlas s pou\u017e\u00edvan\u00edm cookies v s\u00falade s nastaven\u00edm prehliada\u010da. S\u00fabory cookies S cie\u013eom zabezpe\u010di\u0165 riadne fungovanie tohto webov\u00e9ho s\u00eddla VISITKOMARNO uklad\u00e1 niekedy na va\u0161om zariaden\u00ed mal\u00e9 d\u00e1tov\u00e9 s\u00fabory, tzv. cookies. Je to be\u017en\u00e1 prax v\u00e4\u010d\u0161iny ve\u013ek\u00fdch webov\u00fdch s\u00eddel. [&hellip;]<\/p>\n","protected":false},"author":1,"featured_media":0,"parent":0,"menu_order":0,"comment_status":"closed","ping_status":"closed","template":"","meta":[],"tags":[],"_links":{"self":[{"href":"https:\/\/visitkomarno.eu\/en\/wp-json\/wp\/v2\/pages\/2239"}],"collection":[{"href":"https:\/\/visitkomarno.eu\/en\/wp-json\/wp\/v2\/pages"}],"about":[{"href":"https:\/\/visitkomarno.eu\/en\/wp-json\/wp\/v2\/types\/page"}],"author":[{"embeddable":true,"href":"https:\/\/visitkomarno.eu\/en\/wp-json\/wp\/v2\/users\/1"}],"replies":[{"embeddable":true,"href":"https:\/\/visitkomarno.eu\/en\/wp-json\/wp\/v2\/comments?post=2239"}],"version-history":[{"count":1,"href":"https:\/\/visitkomarno.eu\/en\/wp-json\/wp\/v2\/pages\/2239\/revisions"}],"predecessor-version":[{"id":2241,"href":"https:\/\/visitkomarno.eu\/en\/wp-json\/wp\/v2\/pages\/2239\/revisions\/2241"}],"wp:attachment":[{"href":"https:\/\/visitkomarno.eu\/en\/wp-json\/wp\/v2\/media?parent=2239"}],"wp:term":[{"taxonomy":"post_tag","embeddable":true,"href":"https:\/\/visitkomarno.eu\/en\/wp-json\/wp\/v2\/tags?post=2239"}],"curies":[{"name":"wp","href":"https:\/\/api.w.org\/{rel}","templated":true}]}}