{"id":1087,"date":"2017-12-07T10:29:29","date_gmt":"2017-12-07T10:29:29","guid":{"rendered":"http:\/\/visitkomarno.eu\/kedvencek\/"},"modified":"2018-03-09T14:11:51","modified_gmt":"2018-03-09T14:11:51","slug":"oblubene","status":"publish","type":"page","link":"https:\/\/visitkomarno.eu\/sk\/oblubene\/","title":{"rendered":"Ob\u013e\u00faben\u00e9"},"content":{"rendered":"","protected":false},"excerpt":{"rendered":"","protected":false},"author":1,"featured_media":1194,"parent":0,"menu_order":0,"comment_status":"closed","ping_status":"closed","template":"map.php","meta":[],"tags":[],"_links":{"self":[{"href":"https:\/\/visitkomarno.eu\/sk\/wp-json\/wp\/v2\/pages\/1087"}],"collection":[{"href":"https:\/\/visitkomarno.eu\/sk\/wp-json\/wp\/v2\/pages"}],"about":[{"href":"https:\/\/visitkomarno.eu\/sk\/wp-json\/wp\/v2\/types\/page"}],"author":[{"embeddable":true,"href":"https:\/\/visitkomarno.eu\/sk\/wp-json\/wp\/v2\/users\/1"}],"replies":[{"embeddable":true,"href":"https:\/\/visitkomarno.eu\/sk\/wp-json\/wp\/v2\/comments?post=1087"}],"version-history":[{"count":2,"href":"https:\/\/visitkomarno.eu\/sk\/wp-json\/wp\/v2\/pages\/1087\/revisions"}],"predecessor-version":[{"id":1171,"href":"https:\/\/visitkomarno.eu\/sk\/wp-json\/wp\/v2\/pages\/1087\/revisions\/1171"}],"wp:featuredmedia":[{"embeddable":true,"href":"https:\/\/visitkomarno.eu\/sk\/wp-json\/wp\/v2\/media\/1194"}],"wp:attachment":[{"href":"https:\/\/visitkomarno.eu\/sk\/wp-json\/wp\/v2\/media?parent=1087"}],"wp:term":[{"taxonomy":"post_tag","embeddable":true,"href":"https:\/\/visitkomarno.eu\/sk\/wp-json\/wp\/v2\/tags?post=1087"}],"curies":[{"name":"wp","href":"https:\/\/api.w.org\/{rel}","templated":true}]}}