{"id":2237,"date":"2018-05-02T10:05:40","date_gmt":"2018-05-02T10:05:40","guid":{"rendered":"http:\/\/visitkomarno.eu\/?page_id=2237"},"modified":"2018-08-14T08:40:04","modified_gmt":"2018-08-14T08:40:04","slug":"ochrany-osobnych-udajov","status":"publish","type":"page","link":"https:\/\/visitkomarno.eu\/sk\/ochrany-osobnych-udajov\/","title":{"rendered":"Ochrany osobn\u00fdch \u00fadajov"},"content":{"rendered":"<div class=\"container\">\n<h3>Pravidl\u00e1 ochrany osobn\u00fdch \u00fadajov<\/h3>\n<p>Tieto podmienky ochrany s\u00fakromia obsahuj\u00fa dodato\u010dn\u00e9 inform\u00e1cie upravuj\u00face zabezpe\u010denie ochrany osobn\u00fdch \u00fadajov, ktor\u00e9 sa zad\u00e1vaj\u00fa a spracov\u00e1vaj\u00fa v s\u00favislosti s vyu\u017eit\u00edm slu\u017eieb webovej str\u00e1nky visitkomarno.eu<\/p>\n<h3>1. Identifika\u010dn\u00e9 \u00fadaje prev\u00e1dzkovate\u013ea<\/h3>\n<p>Prev\u00e1dzkovate\u013e je spolo\u010dnos\u0165<br \/>\nXY, s. r. o.,<br \/>\n+ adress,<br \/>\nI\u010cO: , DI\u010c:,  I\u010c DPH:<br \/>\nEmail: x@y.com<br \/>\nTelef\u00f3n: +421 000 000 000<\/p>\n<p>(\u010ealej len \u201cprev\u00e1dzkovate\u013e\u201d)<\/p>\n<h3>2. Ak\u00e9 osobn\u00e9 \u00fadaje zbierame, na ak\u00fd \u00fa\u010del a ako dlho ich uchov\u00e1vame<\/h3>\n<p>Spracovanie osobn\u00fdch \u00fadajov prebieha v s\u00falade s platn\u00fdm nariaden\u00edm Eur\u00f3pskeho parlamentu a Rady E\u00da (2016\/679) V\u0161eobecn\u00e9 nariadenie o ochrane osobn\u00fdch \u00fadajov (\u201eGDPR\u201c), ako aj s in\u00fdmi platn\u00fdmi pr\u00e1vnymi predpismi o ochrane osobn\u00fdch \u00fadajov, ktor\u00e9 menia a dop\u013a\u0148aj\u00fa nariadenie GDPR.<\/p>\n<p>Osobn\u00e9 \u00fadaje s\u00fa zbieran\u00e9 a spracovan\u00e9 len v nevyhnutnom rozsahu. Rozsah a typ osobn\u00fdch \u00fadajov v\u017edy z\u00e1vis\u00ed od \u00fa\u010delu a pr\u00e1vneho vz\u0165ahu, na ktor\u00fd tieto \u00fadaje sprac\u00favame.<br \/>\nOsobn\u00e9 \u00fadaje, ktor\u00e9 s\u00fa predmetom spracovania v informa\u010dnom syst\u00e9me prev\u00e1dzkovate\u013ea<\/p>\n<ul>\n<li>Identifika\u010dn\u00e9 \u00fadaje (meno, priezvisko, titul, d\u00e1tum narodenia, rodn\u00e9 \u010d\u00edslo, doklad toto\u017enosti, identifika\u010dn\u00e9 \u010d\u00edslo profesijnej organiz\u00e1cie)<\/li>\n<li>Kontaktn\u00e9 \u00fadaje (faktura\u010dn\u00e1 adresa, dodacia adresa, adresa trval\u00e9ho bydliska, e-mail, telef\u00f3nne \u010d\u00edslo)<\/li>\n<li>Ekonomick\u00e9 \u00fadaje (\u010d\u00edsla bankov\u00fdch \u00fa\u010dtov, da\u0148ov\u00fdch a \u00fa\u010dtovn\u00fdch dokladov)<\/li>\n<\/ul>\n<p>Vy\u0161\u0161ie uveden\u00e9 osobn\u00e9 \u00fadaje s\u00fa spracovan\u00e9 za t\u00fdmto \u00fa\u010delom niektor\u00e9ho z t\u00fdchto pr\u00e1vnych z\u00e1kladov \u010di marketingov\u00fdch \u00fa\u010delov:<\/p>\n<ul>\n<li>s\u00fahlas so spracovan\u00edm osobn\u00fdch \u00fadajov<\/li>\n<li>plnenie zmluvy<\/li>\n<li>spracovanie a reakcia na \u017eiadosti, pripomienky alebo reklam\u00e1cie zo strany z\u00e1kazn\u00edka<\/li>\n<li>vytvorenie z\u00e1kazn\u00edckeho \u00fa\u010dtu<\/li>\n<li>zasielanie obchodn\u00fdch a marketingov\u00fdch ozn\u00e1men\u00ed u\u017e\u00edvate\u013eom prostredn\u00edctvom prostriedkov elektronickej komunik\u00e1cie o odborn\u00fdch podujatiach, \u010dasopisoch, knih\u00e1ch, produktoch, slu\u017eb\u00e1ch a akci\u00e1ch alebo akci\u00e1ch jeho obchodn\u00fdch partnerov, v s\u00falade so z\u00e1konom \u010d. 351\/2011 Z. z., o elektronick\u00fdch komunik\u00e1ci\u00e1ch v platnom znen\u00ed, a to za \u00fa\u010delom priameho marketingu<\/li>\n<li>zasielanie listinn\u00fdch spr\u00e1v, vzoriek \u010dasopisov, inform\u00e1ci\u00ed, pon\u00fak a katal\u00f3gov<\/li>\n<li>spotrebite\u013esk\u00e9 s\u00fa\u0165a\u017ee<\/li>\n<li>prieskumy spokojnosti a in\u00e9 z\u00e1kazn\u00edcke prieskumy<\/li>\n<\/ul>\n<p>Term\u00edn spracovania va\u0161ich osobn\u00fdch \u00fadajov z\u00e1vis\u00ed od pr\u00e1vneho z\u00e1kladu ich spracovania. M\u00f4\u017ee by\u0165 ur\u010den\u00e1 pr\u00e1vnym predpisom, zmluvou, ktor\u00fa sme vz\u00e1jomne uzavreli, alebo v s\u00fahlase, ktor\u00fd ste n\u00e1m poskytli.<\/p>\n<p>V pr\u00edpade zasielania obchodn\u00fdch \u010di marketingov\u00fdch pon\u00fak (newsletter), ktor\u00e9 nie s\u00fa cielen\u00e9 na konkr\u00e9tnu skupinu nakupuj\u00facich (nevyu\u017e\u00edvame profilovanie), je obdobie spracovania osobn\u00fdch \u00fadajov tri roky.<\/p>\n<p>Inform\u00e1cie o IP adres\u00e1ch n\u00e1v\u0161tevn\u00edkov na\u0161ich str\u00e1nok, ktor\u00e9 zhroma\u017e\u010fujeme, nie s\u00fa pou\u017e\u00edvan\u00e9 na va\u0161u identifik\u00e1ciu, ale s\u00fa pou\u017e\u00edvan\u00e9 len na \u00fahrnnej \u00farovni za \u00fa\u010delom merania n\u00e1v\u0161tevnosti, celkov\u00e9ho \u010dasu str\u00e1ven\u00e9ho na str\u00e1nkach, po\u010dtu prehliadnut\u00fdch str\u00e1nok a pod. Tieto inform\u00e1cie pou\u017e\u00edvame na meranie vyu\u017eitia na\u0161ich str\u00e1nok a na zlep\u0161enie ich obsahu.<\/p>\n<h3>3. Ak\u00fdm tret\u00edm stran\u00e1m poskytujeme osobn\u00e9 \u00fadaje?<\/h3>\n<p>Prev\u00e1dzkovate\u013e sprac\u00fava va\u0161e osobn\u00e9 \u00fadaje predov\u0161etk\u00fdm na vlastn\u00e9 \u00fa\u010dely.<\/p>\n<p>Za \u00fa\u010delom doru\u010denia objedn\u00e1vky \u010di plnenia zmluvy poskytujeme osobn\u00e9 \u00fadaje v nevyhnutnom rozsahu na\u0161im partnerom:<\/p>\n<ul>\n<li>spolo\u010dnostiam, ktor\u00e9 n\u00e1m na z\u00e1klade zmluvy zabezpe\u010duj\u00fa distrib\u00faciu<\/li>\n<li>do registrov v zmysle povinnost\u00ed vypl\u00fdvaj\u00facich zo Z\u00e1kona o lieku<\/li>\n<li>spolo\u010dnosti XY, s. r. o., adresa<\/li>\n<\/ul>\n<p>Pr\u00edjemcami va\u0161ich osobn\u00fdch \u00fadajov s\u00fa aj na\u0161i zamestnanci.<\/p>\n<h3>4. Pr\u00e1va dotknutej osoby v s\u00favislosti so spracovan\u00edm osobn\u00fdch \u00fadajov<\/h3>\n<p>Dotknut\u00e1 osoba m\u00e1 pr\u00e1vo pr\u00edstupu k svojim osobn\u00fdm \u00fadajom, pr\u00e1vo na ich opravu, aktualiz\u00e1ciu a doplnenie vr\u00e1tane \u010fal\u0161\u00edch z\u00e1konn\u00fdch pr\u00e1v k t\u00fdmto \u00fadajom, najm\u00e4 pr\u00e1vo na vysvetlenie a odstr\u00e1nenie nevyhovuj\u00faceho stavu pod\u013ea \u00a7 28 z\u00e1kona \u010d. 122\/2013 Z. z., o ochrane osobn\u00fdch \u00fadajov. U\u017e\u00edvate\u013e m\u00e1 pr\u00e1vo na do\u010dasn\u00e9 alebo trval\u00e9 zastavenie spracov\u00e1vania osobn\u00fdch \u00fadajov alebo ich odstr\u00e1nenie s v\u00fdnimkou pr\u00edpadov, ke\u010f je spracovanie nevyhnutn\u00e9 na plnenie uzatvorenej k\u00fapnej zmluvy, resp. vedenie \u00fa\u010dtu nakupuj\u00faceho, a to formou p\u00edsomn\u00e9ho vyjadrenia nes\u00fahlasu so spracovan\u00edm osobn\u00fdch \u00fadajov (e-mailom pomocou kontaktn\u00e9ho formul\u00e1ra alebo na kore\u0161ponden\u010dn\u00fa adresu).<\/p>\n<p>Dotknut\u00e1 osoba m\u00e1 pr\u00e1vo v zmysle ustanovenia \u00a7 28 ods. 1 z\u00e1kona o ochrane osobn\u00fdch \u00fadajov na z\u00e1klade p\u00edsomnej \u017eiadosti od prev\u00e1dzkovate\u013ea vy\u017eadova\u0165:<\/p>\n<ul>\n<li>potvrdenie, \u010di s\u00fa, alebo nie s\u00fa osobn\u00e9 \u00fadaje o nej sprac\u00favan\u00e9<\/li>\n<li>vo v\u0161eobecne zrozumite\u013enej forme inform\u00e1cie o sprac\u00favan\u00ed osobn\u00fdch \u00fadajov v informa\u010dnom syst\u00e9me v rozsahu pod\u013ea \u00a7 15 ods. 1 p\u00edsm. a) a\u017e e) druh\u00fd a\u017e \u0161iesty bod; pri vydan\u00ed rozhodnutia pod\u013ea odseku 5 je dotknut\u00e1 osoba opr\u00e1vnen\u00e1 obozn\u00e1mi\u0165 sa s postupom sprac\u00favania a vyhodnocovania oper\u00e1ci\u00ed<\/li>\n<li>vo v\u0161eobecne zrozumite\u013enej forme presn\u00e9 inform\u00e1cie o zdroji, z ktor\u00e9ho z\u00edskal jej osobn\u00e9 \u00fadaje na sprac\u00favanie<\/li>\n<li>vo v\u0161eobecne zrozumite\u013enej forme zoznam jej osobn\u00fdch \u00fadajov, ktor\u00e9 s\u00fa predmetom sprac\u00favania<\/li>\n<li>opravu alebo likvid\u00e1ciu svojich nespr\u00e1vnych, ne\u00fapln\u00fdch alebo neaktu\u00e1lnych osobn\u00fdch \u00fadajov, ktor\u00e9 s\u00fa predmetom sprac\u00favania<\/li>\n<li>likvid\u00e1ciu jej osobn\u00fdch \u00fadajov, ktor\u00fdch \u00fa\u010del sprac\u00favania sa skon\u010dil; ak s\u00fa predmetom sprac\u00favania \u00faradn\u00e9 doklady obsahuj\u00face osobn\u00e9 \u00fadaje, m\u00f4\u017ee po\u017eiada\u0165 o ich vr\u00e1tenie<\/li>\n<li>likvid\u00e1ciu jej osobn\u00fdch \u00fadajov, ktor\u00e9 s\u00fa predmetom sprac\u00favania, ak do\u0161lo k poru\u0161eniu z\u00e1kona<\/li>\n<li>blokovanie jej osobn\u00fdch \u00fadajov z d\u00f4vodu odvolania s\u00fahlasu pred uplynut\u00edm \u010dasu jeho platnosti, ak prev\u00e1dzkovate\u013e sprac\u00fava osobn\u00e9 \u00fadaje na z\u00e1klade s\u00fahlasu dotknutej osoby<\/li>\n<\/ul>\n<h3>5. Newsletter<\/h3>\n<p>Ak ste po\u017eiadali o na\u0161u slu\u017ebu newsletter, \u010d\u00edm ste vyjadrili svoj s\u00fahlas so zasielan\u00edm obchodn\u00fdch pon\u00fak, poskytnut\u00e9 osobn\u00e9 \u00fadaje (meno a e-mailov\u00fa adresu) vyu\u017e\u00edvame v\u00fdhradne na zaslanie elektronick\u00e9ho newsletteru s inform\u00e1ciami o na\u0161om tovare, akci\u00e1ch, s\u00fa\u0165a\u017eiach, ako aj o novink\u00e1ch v na\u0161ej ponuke.<\/p>\n<p>Z odoberania slu\u017eby newsletter sa m\u00f4\u017eete kedyko\u013evek odhl\u00e1si\u0165 tak, \u017ee svoj s\u00fahlas s odoberan\u00edm zru\u0161\u00edte prostredn\u00edctvom odkazu umiestnen\u00e9ho v p\u00e4ti\u010dke ka\u017ed\u00e9ho e-mailu, pr\u00edpadne n\u00e1s o to po\u017eiadate priamo na na\u0161ej kontaktnej e-mailovej adrese<\/p>\n<h3>6. Cookies<\/h3>\n<p>\u010co s\u00fa cookies?<\/p>\n<p>S\u00fabory cookies s\u00fa mal\u00e9 textov\u00e9 s\u00fabory obsahuj\u00face jedine\u010dn\u00fd identifik\u00e1tor, ktor\u00e9 sa ukladaj\u00fa vo va\u0161om po\u010d\u00edta\u010di alebo mobilnom zariaden\u00ed, aby do\u0161lo k jeho rozpoznaniu v pr\u00edpade pou\u017eitia konkr\u00e9tnej webstr\u00e1nky. M\u00f4\u017eu sa vyu\u017e\u00edva\u0165 iba po\u010das va\u0161ej n\u00e1v\u0161tevy alebo sa m\u00f4\u017eu pou\u017ei\u0165 na priebe\u017en\u00e9 sledovanie va\u0161ej interakcie s ur\u010dit\u00fdmi slu\u017ebami a obsahom. S\u00fabory cookies pom\u00e1haj\u00fa pri poskytovan\u00ed d\u00f4le\u017eit\u00fdch funkci\u00ed a prvkov na na\u0161ich webstr\u00e1nkach, ako aj pri zlep\u0161ovan\u00ed v\u00e1\u0161ho z\u00e1kazn\u00edckeho z\u00e1\u017eitku.<\/p>\n<p>Ako vyu\u017e\u00edvame s\u00fabory cookies?<\/p>\n<p>Zbieranie \u00fadajov o spr\u00e1van\u00ed n\u00e1v\u0161tevn\u00edkov webu je aktivovan\u00e9 z iniciat\u00edvy n\u00e1v\u0161tevn\u00edka webu vyjadren\u00e9ho akt\u00edvnym za\u0161krtnut\u00edm mo\u017enosti \u201eS\u00fahlas\u00edm\u201c, ktor\u00e1 nasleduje za upozornen\u00edm v dolnej \u010dasti webovej str\u00e1nky, znej\u00facim nasledovne:<\/p>\n<p>Eshop:<\/p>\n<p>\u201eN\u00e1\u0161 web pou\u017e\u00edva s\u00fabory Cookies, v\u010faka ktor\u00fdm m\u00f4\u017ee by\u0165 v\u00e1\u0161 z\u00e1\u017eitok z n\u00e1kupu \u010do najlep\u0161\u00ed. Ak s t\u00fdm s\u00fahl\u00e1site, kliknite na \u201eS\u00fahlas\u00edm\u201c.<\/p>\n<p>Viac inform\u00e1ci\u00ed. S\u00fahlas\u00edm\u201d<\/p>\n<p>Website:<\/p>\n<p>\u201cN\u00e1\u0161 web pou\u017e\u00edva s\u00fabory Cookies, v\u010faka nim v\u00e1m m\u00f4\u017eeme pon\u00faknu\u0165 lep\u0161ie z\u00e1\u017eitky pri prehliadan\u00ed na\u0161ich webov\u00fdch str\u00e1nok a neust\u00e1le zlep\u0161ova\u0165 svoje slu\u017eby. Ak s t\u00fdm s\u00fahlas\u00edte, kliknite na &#8220;S\u00fahlas\u00edm&#8221;.<\/p>\n<p>Funk\u010dn\u00e9 cookies \u2013 pou\u017e\u00edvan\u00e9 v s\u00favislosti s danou rel\u00e1ciou prehliada\u010da na zlep\u0161enie funk\u010dnosti webu. Cookies pam\u00e4taj\u00face si prihlasovacie men\u00e1 a v\u00fdrobky v ko\u0161\u00edku s\u00fa absol\u00fatne nevyhnutn\u00e9 na riadne fungovanie str\u00e1nky. \u017divotnos\u0165 s\u00faborov cookies je max. 60 min\u00fat, resp. do ukon\u010denia pr\u00e1ce s prehliada\u010dom.<\/p>\n<p>Volite\u013en\u00e9 cookies \u2013 meranie n\u00e1v\u0161tevnosti a prisp\u00f4sobenie zobrazenia webov\u00fdch str\u00e1nok. \u00dadaje, ktor\u00e9 prev\u00e1dzkovate\u013e takto z\u00edska, m\u00f4\u017eu by\u0165 spr\u00edstupnen\u00e9 \u010fal\u0161\u00edm spracovate\u013eom, najm\u00e4 prev\u00e1dzkovate\u013eom slu\u017eieb a platforiem Google.<\/p>\n<p>Zhroma\u017eden\u00e9 cookies s\u00fabory s\u00fa spracovan\u00e9:<\/p>\n<p>\u2022 prostredn\u00edctvom slu\u017eby Google Analytics, ktor\u00fa prev\u00e1dzkuje spolo\u010dnos\u0165 Google Inc., so s\u00eddlom 1600 Amphitheatre Parkway, Mountain View, CA 94043, USA, v s\u00falade so Z\u00e1sadami ochrany s\u00fakromia, dostupn\u00fdmi na https:\/\/www.google.com\/intl\/cs\/policies\/privacy\/#nosharing.<\/p>\n<p>\u010eal\u0161ie slu\u017eby:<\/p>\n<p>Google Analytics<br \/>\nFacebook pixel<br \/>\nFacebook like, share<br \/>\nYouTube vlo\u017een\u00e9 vide\u00e1<\/p>\n<p>Ak\u00e9 m\u00e1te mo\u017enosti v s\u00favislosti so s\u00fabormi cookies?<\/p>\n<p>Pomocou nastaven\u00ed v\u00e1\u0161ho prehliada\u010da m\u00f4\u017eete prija\u0165 alebo odmietnu\u0165 nov\u00e9, pr\u00edpadne odstr\u00e1ni\u0165 u\u017e existuj\u00face S\u00fabory cookies. M\u00f4\u017eete si aj nastavi\u0165, aby v\u00e1s prehliada\u010d upozornil zaka\u017ed\u00fdm, ke\u010f bud\u00fa do v\u00e1\u0161ho po\u010d\u00edta\u010da umiestnen\u00e9 nov\u00e9 S\u00fabory cookies. Podrobnej\u0161ie inform\u00e1cie o tom, ako m\u00f4\u017eete spravova\u0165 S\u00fabory cookies, n\u00e1jdete prostredn\u00edctvom funkcie pomoci vo va\u0161om prehliada\u010di.<\/p>\n<p>Ak sa rozhodnete niektor\u00e9 alebo v\u0161etky S\u00fabory cookies zak\u00e1za\u0165, nebudete m\u00f4c\u0165 naplno vyu\u017e\u00edva\u0165 v\u0161etky funkcie na\u0161ich webstr\u00e1nok. Napr\u00edklad nebudete m\u00f4c\u0165 prid\u00e1va\u0165 polo\u017eky do n\u00e1kupn\u00e9ho ko\u0161\u00edka, prist\u00fapi\u0165 k objedn\u00e1vke ani vyu\u017e\u00edva\u0165 tak\u00e9 produkty a slu\u017eby, ktor\u00e9 si vy\u017eaduj\u00fa prihl\u00e1senie.<\/p>\n<h3>7. Kontakt<\/h3>\n<p>V pr\u00edpade ak\u00fdchko\u013evek ot\u00e1zok o tom, ako zhroma\u017e\u010fujeme, uklad\u00e1me alebovyu\u017e\u00edvame osobn\u00e9 \u00fadaje, n\u00e1s nev\u00e1hajte kontaktova\u0165.<\/p>\n<p>Podmienky ochrany osobn\u00fdch \u00fadajov sa m\u00f4\u017eu priebe\u017ene meni\u0165. V\u0161etky aktualiz\u00e1cie t\u00fdchto podmienok bud\u00fa zverej\u0148ovan\u00e9 na na\u0161om webovom s\u00eddle.<\/p>\n<p>Ka\u017ed\u00e1 aktualiz\u00e1cia nadob\u00fada \u00fa\u010dinnos\u0165 jej zverejnen\u00edm na na\u0161om webovom s\u00eddle. Preto odpor\u00fa\u010dame, aby ste pravidelne nav\u0161tevovali na\u0161e webov\u00e9 s\u00eddlo a informovali sa o mo\u017en\u00fdch zmen\u00e1ch podmienok.<\/p>\n<p>Posledn\u00e1 aktualiz\u00e1cia: 25. 5. 2018\n<\/p><\/div>\n","protected":false},"excerpt":{"rendered":"<p>Pravidl\u00e1 ochrany osobn\u00fdch \u00fadajov Tieto podmienky ochrany s\u00fakromia obsahuj\u00fa dodato\u010dn\u00e9 inform\u00e1cie upravuj\u00face zabezpe\u010denie ochrany osobn\u00fdch \u00fadajov, ktor\u00e9 sa zad\u00e1vaj\u00fa a spracov\u00e1vaj\u00fa v s\u00favislosti s vyu\u017eit\u00edm slu\u017eieb webovej str\u00e1nky visitkomarno.eu 1. Identifika\u010dn\u00e9 \u00fadaje prev\u00e1dzkovate\u013ea Prev\u00e1dzkovate\u013e je spolo\u010dnos\u0165 XY, s. r. o., + adress, I\u010cO: , DI\u010c:, I\u010c DPH: Email: x@y.com Telef\u00f3n: +421 000 000 000 (\u010ealej [&hellip;]<\/p>\n","protected":false},"author":1,"featured_media":0,"parent":0,"menu_order":0,"comment_status":"closed","ping_status":"closed","template":"","meta":[],"tags":[],"_links":{"self":[{"href":"https:\/\/visitkomarno.eu\/sk\/wp-json\/wp\/v2\/pages\/2237"}],"collection":[{"href":"https:\/\/visitkomarno.eu\/sk\/wp-json\/wp\/v2\/pages"}],"about":[{"href":"https:\/\/visitkomarno.eu\/sk\/wp-json\/wp\/v2\/types\/page"}],"author":[{"embeddable":true,"href":"https:\/\/visitkomarno.eu\/sk\/wp-json\/wp\/v2\/users\/1"}],"replies":[{"embeddable":true,"href":"https:\/\/visitkomarno.eu\/sk\/wp-json\/wp\/v2\/comments?post=2237"}],"version-history":[{"count":3,"href":"https:\/\/visitkomarno.eu\/sk\/wp-json\/wp\/v2\/pages\/2237\/revisions"}],"predecessor-version":[{"id":2797,"href":"https:\/\/visitkomarno.eu\/sk\/wp-json\/wp\/v2\/pages\/2237\/revisions\/2797"}],"wp:attachment":[{"href":"https:\/\/visitkomarno.eu\/sk\/wp-json\/wp\/v2\/media?parent=2237"}],"wp:term":[{"taxonomy":"post_tag","embeddable":true,"href":"https:\/\/visitkomarno.eu\/sk\/wp-json\/wp\/v2\/tags?post=2237"}],"curies":[{"name":"wp","href":"https:\/\/api.w.org\/{rel}","templated":true}]}}