{"id":3897,"date":"2018-02-07T12:43:21","date_gmt":"2018-02-07T12:43:21","guid":{"rendered":"https:\/\/visitkomarno.eu\/kapcsolat\/"},"modified":"2019-12-17T14:57:26","modified_gmt":"2019-12-17T14:57:26","slug":"kontakt","status":"publish","type":"page","link":"https:\/\/visitkomarno.eu\/sk\/kontakt\/","title":{"rendered":"Kontakt"},"content":{"rendered":"<p><div class=\"row contact\"><br \/>\n<div class=\"col-md-6\"><\/p>\n<h3>L\u00e9pjen kapcsolatba vel\u00fcnk!<\/h3>\n<p>\n<div class=\"wpcf7 no-js\" id=\"wpcf7-f835-o1\" lang=\"hu-HU\" dir=\"ltr\">\n<div class=\"screen-reader-response\"><p role=\"status\" aria-live=\"polite\" aria-atomic=\"true\"><\/p> <ul><\/ul><\/div>\n<form action=\"\/sk\/wp-json\/wp\/v2\/pages\/3897#wpcf7-f835-o1\" method=\"post\" class=\"wpcf7-form init\" aria-label=\"Kapcsolatfelv\u00e9teli \u0171rlap\" enctype=\"multipart\/form-data\" novalidate=\"novalidate\" data-status=\"init\">\n<div style=\"display: none;\">\n<input type=\"hidden\" name=\"_wpcf7\" value=\"835\" \/>\n<input type=\"hidden\" name=\"_wpcf7_version\" value=\"5.7.7\" \/>\n<input type=\"hidden\" name=\"_wpcf7_locale\" value=\"hu_HU\" \/>\n<input type=\"hidden\" name=\"_wpcf7_unit_tag\" value=\"wpcf7-f835-o1\" \/>\n<input type=\"hidden\" name=\"_wpcf7_container_post\" value=\"0\" \/>\n<input type=\"hidden\" name=\"_wpcf7_posted_data_hash\" value=\"\" \/>\n<input type=\"hidden\" name=\"_wpcf7_recaptcha_response\" value=\"\" \/>\n<\/div>\n<p><label>N\u00e9v (k\u00f6telez\u0151) <span class=\"wpcf7-form-control-wrap\" data-name=\"your-name\"><input size=\"40\" class=\"wpcf7-form-control wpcf7-text wpcf7-validates-as-required\" aria-required=\"true\" aria-invalid=\"false\" value=\"\" type=\"text\" name=\"your-name\" \/><\/span><\/label>\n<\/p>\n<p><label>Email c\u00edm (k\u00f6telez\u0151) <span class=\"wpcf7-form-control-wrap\" data-name=\"your-email\"><input size=\"40\" class=\"wpcf7-form-control wpcf7-text wpcf7-email wpcf7-validates-as-required wpcf7-validates-as-email\" aria-required=\"true\" aria-invalid=\"false\" value=\"\" type=\"email\" name=\"your-email\" \/><\/span><\/label>\n<\/p>\n<p><span class=\"wpcf7-form-control-wrap\" data-name=\"your-subject\"><span class=\"wpcf7-form-control wpcf7-checkbox\"><span class=\"wpcf7-list-item first\"><input type=\"checkbox\" name=\"your-subject[]\" value=\"Bek\u00fcld\u00e9s\" \/><span class=\"wpcf7-list-item-label\">Bek\u00fcld\u00e9s<\/span><\/span><span class=\"wpcf7-list-item last\"><input type=\"checkbox\" name=\"your-subject[]\" value=\"Hibabejelent\u00e9s\" \/><span class=\"wpcf7-list-item-label\">Hibabejelent\u00e9s<\/span><\/span><\/span><\/span>\n<\/p>\n<p><label>K\u00e9p <span class=\"wpcf7-form-control-wrap\" data-name=\"file-476\"><input size=\"40\" class=\"wpcf7-form-control wpcf7-file\" accept=\".jpg,.jpeg,.png\" aria-invalid=\"false\" type=\"file\" name=\"file-476\" \/><\/span><\/label>\n<\/p>\n<p><label>\u00dczenet <span class=\"wpcf7-form-control-wrap\" data-name=\"your-message\"><textarea cols=\"40\" rows=\"10\" class=\"wpcf7-form-control wpcf7-textarea\" aria-invalid=\"false\" name=\"your-message\"><\/textarea><\/span><\/label>\n<\/p>\n<p><span class=\"wpcf7-form-control-wrap\" data-name=\"acceptance-11\"><span class=\"wpcf7-form-control wpcf7-acceptance\"><span class=\"wpcf7-list-item\"><input type=\"checkbox\" name=\"acceptance-11\" value=\"1\" aria-invalid=\"false\" \/><\/span><\/span><\/span> Megismertem \u00e9s elfogadom az <a href=\"\/hu\/adatvedelmi-nyilatkozat\" target=\"_blank\">Adatv\u00e9delmi nyilatkozatot<\/a>\n<\/p>\n<p><input class=\"wpcf7-form-control has-spinner wpcf7-submit\" type=\"submit\" value=\"K\u00fcld\u00e9s\" \/>\n<\/p><div class=\"wpcf7-response-output\" aria-hidden=\"true\"><\/div>\n<\/form>\n<\/div>\n<br \/>\n<\/div><br \/>\n<div class=\"col-md-6\"><br \/>\n22Media<br \/>\nC\u00edm: Lorem ipsum<br \/>\nEMail: Lorem ipsum<br \/>\nTelefon: +421 123 4567<br \/>\n<\/div><br \/>\n<\/div><\/p>\n","protected":false},"excerpt":{"rendered":"","protected":false},"author":1,"featured_media":0,"parent":0,"menu_order":0,"comment_status":"closed","ping_status":"closed","template":"","meta":[],"_links":{"self":[{"href":"https:\/\/visitkomarno.eu\/sk\/wp-json\/wp\/v2\/pages\/3897"}],"collection":[{"href":"https:\/\/visitkomarno.eu\/sk\/wp-json\/wp\/v2\/pages"}],"about":[{"href":"https:\/\/visitkomarno.eu\/sk\/wp-json\/wp\/v2\/types\/page"}],"author":[{"embeddable":true,"href":"https:\/\/visitkomarno.eu\/sk\/wp-json\/wp\/v2\/users\/1"}],"replies":[{"embeddable":true,"href":"https:\/\/visitkomarno.eu\/sk\/wp-json\/wp\/v2\/comments?post=3897"}],"version-history":[{"count":1,"href":"https:\/\/visitkomarno.eu\/sk\/wp-json\/wp\/v2\/pages\/3897\/revisions"}],"predecessor-version":[{"id":3898,"href":"https:\/\/visitkomarno.eu\/sk\/wp-json\/wp\/v2\/pages\/3897\/revisions\/3898"}],"wp:attachment":[{"href":"https:\/\/visitkomarno.eu\/sk\/wp-json\/wp\/v2\/media?parent=3897"}],"curies":[{"name":"wp","href":"https:\/\/api.w.org\/{rel}","templated":true}]}}